{"id":11,"date":"2022-02-24T22:59:54","date_gmt":"2022-02-24T22:59:54","guid":{"rendered":"http:\/\/edblogs.pugetsound.edu\/sp22span313a\/?page_id=11"},"modified":"2022-04-26T00:32:40","modified_gmt":"2022-04-26T00:32:40","slug":"home-page","status":"publish","type":"page","link":"https:\/\/edblogs.pugetsound.edu\/sp22span313a\/","title":{"rendered":"La (R)evoluci\u00f3n de la mujer"},"content":{"rendered":"\n<p>Nuestra enciclopedia digital <em>La (R)evoluci\u00f3n de la mujer<\/em> tiene como misi\u00f3n contribuir a la recuperaci\u00f3n y divulgaci\u00f3n del pensamiento feminista ib\u00e9rico. <em>Our encyclopedia seeks to contribute to the recuperation and promotion of Iberian feminist knowledge. <\/em><\/p>\n\n\n\n<p>Haz clic en una letra para ver los t\u00e9rminos feministas correspondientes: \/ Click on a letter to see the respective feminist terms:<\/p>\n\n\n<ul class=\"wp-block-categories-list wp-block-categories\">\t<li class=\"cat-item cat-item-2\"><a href=\"https:\/\/edblogs.pugetsound.edu\/sp22span313a\/category\/a\/\">a<\/a> (1)\n<\/li>\n\t<li class=\"cat-item cat-item-3\"><a href=\"https:\/\/edblogs.pugetsound.edu\/sp22span313a\/category\/b\/\">b<\/a> (2)\n<\/li>\n\t<li class=\"cat-item cat-item-4\"><a href=\"https:\/\/edblogs.pugetsound.edu\/sp22span313a\/category\/c\/\">c<\/a> (3)\n<\/li>\n\t<li class=\"cat-item cat-item-5\"><a href=\"https:\/\/edblogs.pugetsound.edu\/sp22span313a\/category\/d\/\">d<\/a> (1)\n<\/li>\n\t<li class=\"cat-item cat-item-6\"><a href=\"https:\/\/edblogs.pugetsound.edu\/sp22span313a\/category\/e\/\">e<\/a> (2)\n<\/li>\n\t<li class=\"cat-item cat-item-7\"><a href=\"https:\/\/edblogs.pugetsound.edu\/sp22span313a\/category\/f\/\">f<\/a> (5)\n<\/li>\n\t<li class=\"cat-item cat-item-9\"><a href=\"https:\/\/edblogs.pugetsound.edu\/sp22span313a\/category\/h\/\">h<\/a> (1)\n<\/li>\n\t<li class=\"cat-item cat-item-10\"><a href=\"https:\/\/edblogs.pugetsound.edu\/sp22span313a\/category\/i\/\">i<\/a> (3)\n<\/li>\n\t<li class=\"cat-item cat-item-13\"><a href=\"https:\/\/edblogs.pugetsound.edu\/sp22span313a\/category\/l\/\">l<\/a> (3)\n<\/li>\n\t<li class=\"cat-item cat-item-14\"><a href=\"https:\/\/edblogs.pugetsound.edu\/sp22span313a\/category\/m\/\">m<\/a> (6)\n<\/li>\n\t<li class=\"cat-item cat-item-15\"><a href=\"https:\/\/edblogs.pugetsound.edu\/sp22span313a\/category\/n\/\">n<\/a> (2)\n<\/li>\n\t<li class=\"cat-item cat-item-16\"><a href=\"https:\/\/edblogs.pugetsound.edu\/sp22span313a\/category\/o\/\">o<\/a> (1)\n<\/li>\n\t<li class=\"cat-item cat-item-17\"><a href=\"https:\/\/edblogs.pugetsound.edu\/sp22span313a\/category\/p\/\">p<\/a> (2)\n<\/li>\n\t<li class=\"cat-item cat-item-19\"><a href=\"https:\/\/edblogs.pugetsound.edu\/sp22span313a\/category\/r\/\">r<\/a> (1)\n<\/li>\n\t<li class=\"cat-item cat-item-20\"><a href=\"https:\/\/edblogs.pugetsound.edu\/sp22span313a\/category\/s\/\">s<\/a> (1)\n<\/li>\n\t<li class=\"cat-item cat-item-21\"><a href=\"https:\/\/edblogs.pugetsound.edu\/sp22span313a\/category\/t\/\">t<\/a> (3)\n<\/li>\n<\/ul>\n\n\n<p><br><\/p>\n","protected":false},"excerpt":{"rendered":"<p>Nuestra enciclopedia digital La (R)evoluci\u00f3n de la mujer tiene como misi\u00f3n contribuir a la recuperaci\u00f3n y divulgaci\u00f3n del pensamiento feminista ib\u00e9rico. Our encyclopedia seeks to contribute to the recuperation and promotion of Iberian feminist knowledge. Haz clic en una letra para ver los t\u00e9rminos feministas correspondientes: \/ Click on a letter to see the respective [&hellip;]<\/p>\n","protected":false},"author":1510,"featured_media":0,"parent":0,"menu_order":0,"comment_status":"closed","ping_status":"closed","template":"","meta":{"footnotes":""},"class_list":["post-11","page","type-page","status-publish","hentry"],"_links":{"self":[{"href":"https:\/\/edblogs.pugetsound.edu\/sp22span313a\/wp-json\/wp\/v2\/pages\/11","targetHints":{"allow":["GET"]}}],"collection":[{"href":"https:\/\/edblogs.pugetsound.edu\/sp22span313a\/wp-json\/wp\/v2\/pages"}],"about":[{"href":"https:\/\/edblogs.pugetsound.edu\/sp22span313a\/wp-json\/wp\/v2\/types\/page"}],"author":[{"embeddable":true,"href":"https:\/\/edblogs.pugetsound.edu\/sp22span313a\/wp-json\/wp\/v2\/users\/1510"}],"replies":[{"embeddable":true,"href":"https:\/\/edblogs.pugetsound.edu\/sp22span313a\/wp-json\/wp\/v2\/comments?post=11"}],"version-history":[{"count":17,"href":"https:\/\/edblogs.pugetsound.edu\/sp22span313a\/wp-json\/wp\/v2\/pages\/11\/revisions"}],"predecessor-version":[{"id":304,"href":"https:\/\/edblogs.pugetsound.edu\/sp22span313a\/wp-json\/wp\/v2\/pages\/11\/revisions\/304"}],"wp:attachment":[{"href":"https:\/\/edblogs.pugetsound.edu\/sp22span313a\/wp-json\/wp\/v2\/media?parent=11"}],"curies":[{"name":"wp","href":"https:\/\/api.w.org\/{rel}","templated":true}]}}