{"id":28,"date":"2022-03-02T21:37:05","date_gmt":"2022-03-02T21:37:05","guid":{"rendered":"http:\/\/edblogs.pugetsound.edu\/sp22span313a\/?page_id=28"},"modified":"2025-04-30T21:51:46","modified_gmt":"2025-04-30T21:51:46","slug":"about","status":"publish","type":"page","link":"https:\/\/edblogs.pugetsound.edu\/sp22span313a\/about\/","title":{"rendered":"Nosotres\/About"},"content":{"rendered":"\n<p><em>La (R)evoluci\u00f3n de la mujer<\/em> tiene como objetivo hacer accesible el pensamiento y la obra de una variedad de autores feministas ib\u00e9riques. <em>Our encyclopedia seeks to make accessible to the general public the ideas and works of a diverse group of Iberian feminist thinkers. <\/em><\/p>\n\n\n\n<h2 class=\"wp-block-heading\"><strong>\u00a1Conoce a nuestros equipos! <\/strong><em><strong>                Get to know us! <\/strong><\/em><\/h2>\n\n\n\n<p><strong>Equipo editorial de la primavera de 2025:<\/strong><\/p>\n\n\n\n<p>Anna y Miguel investigaron el 8 de marzo, y la historia del D\u00eda Internacional de la Mujer como una representaci\u00f3n de manifestaci\u00f3n y resistencia feminista.<\/p>\n\n\n\n<p>Hailey Y. y Sara P. definieron el t\u00e9rmino &#8220;la mujer miliciana&#8221; e investigaron el feminismo cat\u00f3lico conservador. <\/p>\n\n\n\n<p>Sara M. y Serena (quien desafortunadamente se tuvo que ir) aprendieron sobre los fanzines <em>Madriz <\/em>y <em>Cuir Madriz<\/em> como espacios de solidaridad y resistencia cuir en la ciudad de Madrid.<\/p>\n\n\n\n<p>Athena y Hailey M. definieron el t\u00e9rmino TERF &#8211; Feminismo\/feminista radical trans-excluyente.<\/p>\n\n\n\n<p>Jamie, Sarah S. y Emily investigaron ideolog\u00edas oposicionantes al feminismo moderno, y como se impactan a las feministas de hoy. <\/p>\n\n\n\n<p>Maddy y Maya eval\u00faan la Secci\u00f3n Femenina y su impacto del modelo de la feminidad idealizado. <\/p>\n\n\n\n<p><strong>Equipo editorial de la primavera de 2022:<\/strong><\/p>\n\n\n\n<p>En colaboraci\u00f3n: amelia S. y cely D. \u2013 con su humor y aprendizaje cuestionan qu\u00e9 significa ser mujer.  <\/p>\n\n\n\n<p>Levi y Tatum definieron dos t\u00e9rminos para esta enciclopedia: el franquismo, el per\u00edodo de la dictadura de Franco, y Federico Garc\u00eda Lorca.<\/p>\n\n\n\n<p>Ivelisse y Molly crearon una entrada del t\u00e9rmino &#8220;interseccionalidad&#8221; y de la escritora Emilia Pardo Baz\u00e1n, escritora que habla sobre la interacci\u00f3n entre los retos de g\u00e9nero y clase social.<\/p>\n\n\n\n<p>Chloe y Elia definieron el t\u00e9rmino Mujeres libres, un grupo de mujeres fuertes, poderosas, en Espa\u00f1a durante 1936-1939.<\/p>\n\n\n\n<p>Daisy y Aeden definieron el t\u00e9rmino &#8220;La doncella guerrera&#8221; y escribieron sobre Mar\u00eda Teresa Le\u00f3n, autora de la cr\u00f3nica &#8220;La doncella guerrera&#8221; y muchas otras obras. <\/p>\n\n\n\n<p><em>This was encyclopedia started as class project in Spring 2022 and it was expanded in the spring 2025 as part of the seminar Iberian Feminisms in Transatlantic Dialogue at the University of Puget Sound. <\/em><\/p>\n\n\n\n<p><\/p>\n","protected":false},"excerpt":{"rendered":"<p>La (R)evoluci\u00f3n de la mujer tiene como objetivo hacer accesible el pensamiento y la obra de una variedad de autores feministas ib\u00e9riques. Our encyclopedia seeks to make accessible to the general public the ideas and works of a diverse group of Iberian feminist thinkers. \u00a1Conoce a nuestros equipos! Get to know us! Equipo editorial de [&hellip;]<\/p>\n","protected":false},"author":1510,"featured_media":0,"parent":0,"menu_order":2,"comment_status":"closed","ping_status":"closed","template":"","meta":{"footnotes":""},"class_list":["post-28","page","type-page","status-publish","hentry"],"_links":{"self":[{"href":"https:\/\/edblogs.pugetsound.edu\/sp22span313a\/wp-json\/wp\/v2\/pages\/28","targetHints":{"allow":["GET"]}}],"collection":[{"href":"https:\/\/edblogs.pugetsound.edu\/sp22span313a\/wp-json\/wp\/v2\/pages"}],"about":[{"href":"https:\/\/edblogs.pugetsound.edu\/sp22span313a\/wp-json\/wp\/v2\/types\/page"}],"author":[{"embeddable":true,"href":"https:\/\/edblogs.pugetsound.edu\/sp22span313a\/wp-json\/wp\/v2\/users\/1510"}],"replies":[{"embeddable":true,"href":"https:\/\/edblogs.pugetsound.edu\/sp22span313a\/wp-json\/wp\/v2\/comments?post=28"}],"version-history":[{"count":31,"href":"https:\/\/edblogs.pugetsound.edu\/sp22span313a\/wp-json\/wp\/v2\/pages\/28\/revisions"}],"predecessor-version":[{"id":457,"href":"https:\/\/edblogs.pugetsound.edu\/sp22span313a\/wp-json\/wp\/v2\/pages\/28\/revisions\/457"}],"wp:attachment":[{"href":"https:\/\/edblogs.pugetsound.edu\/sp22span313a\/wp-json\/wp\/v2\/media?parent=28"}],"curies":[{"name":"wp","href":"https:\/\/api.w.org\/{rel}","templated":true}]}}